{"id":84189,"date":"2020-02-12T10:40:03","date_gmt":"2020-02-12T09:40:03","guid":{"rendered":"https:\/\/paizsaffron.com\/product\/saffron-5-gram\/"},"modified":"2026-04-11T18:15:05","modified_gmt":"2026-04-11T16:15:05","slug":"saffron-5-gram","status":"publish","type":"product","link":"https:\/\/paizsaffron.com\/en\/product\/saffron-5-gram\/","title":{"rendered":"Saffron 5 gram"},"content":{"rendered":"","protected":false},"excerpt":{"rendered":"<div><span lang=\"EN-US\">The Super Negin Saffron from Pa\u00efz Saffron is of superior quality (Grade 1). It comes in an elegant packaging. Our saffron is traditionally hand-picked from the fields of the Khorasan region of Iran, known as the world\u2019s best and largest saffron growing area. During the harvest, the low quality saffron is carefully removed, leaving only the \u2018Super Negin\u2019 quality. <\/span><\/div>\n<div><\/div>\n<div><strong>Free shipping from \u20ac39 within the Netherlands &#8211; Ordered on working days before 16:00, shipped on the same day!<\/strong><\/div>\n","protected":false},"featured_media":83649,"comment_status":"closed","ping_status":"closed","template":"","meta":[],"product_brand":[],"product_cat":[127],"product_tag":[],"class_list":{"0":"post-84189","1":"product","2":"type-product","3":"status-publish","4":"has-post-thumbnail","6":"product_cat-saffron-en","7":"product_shipping_class-standard-delivery","9":"first","10":"instock","11":"taxable","12":"shipping-taxable","13":"purchasable","14":"product-type-simple"},"yoast_head":"<!-- This site is optimized with the Yoast SEO plugin v27.4 - https:\/\/yoast.com\/product\/yoast-seo-wordpress\/ -->\n<title>Saffron 5 gram - Pa\u00efz Saffron - Buy Super Negin Saffron by Pa\u00efz<\/title>\n<meta name=\"description\" content=\"The Super Negin Saffron from Pa\u00efz Saffron is of superior quality (Grade 1). It comes in an elegant packaging.\" \/>\n<meta name=\"robots\" content=\"index, follow, max-snippet:-1, max-image-preview:large, max-video-preview:-1\" \/>\n<link rel=\"canonical\" href=\"https:\/\/paizsaffron.com\/en\/product\/saffron-5-gram\/\" \/>\n<meta property=\"og:locale\" content=\"en_US\" \/>\n<meta property=\"og:type\" content=\"article\" \/>\n<meta property=\"og:title\" content=\"Saffron 5 gram - Pa\u00efz Saffron - Buy Super Negin Saffron by Pa\u00efz\" \/>\n<meta property=\"og:description\" content=\"The Super Negin Saffron from Pa\u00efz Saffron is of superior quality (Grade 1). It comes in an elegant packaging.\" \/>\n<meta property=\"og:url\" content=\"https:\/\/paizsaffron.com\/en\/product\/saffron-5-gram\/\" \/>\n<meta property=\"og:site_name\" content=\"Pa\u00efz Saffron\" \/>\n<meta property=\"article:modified_time\" content=\"2026-04-11T16:15:05+00:00\" \/>\n<meta property=\"og:image\" content=\"https:\/\/paizsaffron.com\/wp-content\/uploads\/2020\/02\/paiz-saffron-5g.jpg\" \/>\n\t<meta property=\"og:image:width\" content=\"1000\" \/>\n\t<meta property=\"og:image:height\" content=\"1000\" \/>\n\t<meta property=\"og:image:type\" content=\"image\/jpeg\" \/>\n<meta name=\"twitter:card\" content=\"summary_large_image\" \/>\n<meta name=\"twitter:label1\" content=\"Est. reading time\" \/>\n\t<meta name=\"twitter:data1\" content=\"1 minute\" \/>\n<script type=\"application\/ld+json\" class=\"yoast-schema-graph\">{\"@context\":\"https:\\\/\\\/schema.org\",\"@graph\":[{\"@type\":\"WebPage\",\"@id\":\"https:\\\/\\\/paizsaffron.com\\\/en\\\/product\\\/saffron-5-gram\\\/\",\"url\":\"https:\\\/\\\/paizsaffron.com\\\/en\\\/product\\\/saffron-5-gram\\\/\",\"name\":\"Saffron 5 gram - Pa\u00efz Saffron - Buy Super Negin Saffron by Pa\u00efz\",\"isPartOf\":{\"@id\":\"https:\\\/\\\/paizsaffron.com\\\/en\\\/#website\"},\"primaryImageOfPage\":{\"@id\":\"https:\\\/\\\/paizsaffron.com\\\/en\\\/product\\\/saffron-5-gram\\\/#primaryimage\"},\"image\":{\"@id\":\"https:\\\/\\\/paizsaffron.com\\\/en\\\/product\\\/saffron-5-gram\\\/#primaryimage\"},\"thumbnailUrl\":\"https:\\\/\\\/paizsaffron.com\\\/wp-content\\\/uploads\\\/2020\\\/02\\\/paiz-saffron-5g.jpg\",\"datePublished\":\"2020-02-12T09:40:03+00:00\",\"dateModified\":\"2026-04-11T16:15:05+00:00\",\"description\":\"The Super Negin Saffron from Pa\u00efz Saffron is of superior quality (Grade 1). It comes in an elegant packaging.\",\"breadcrumb\":{\"@id\":\"https:\\\/\\\/paizsaffron.com\\\/en\\\/product\\\/saffron-5-gram\\\/#breadcrumb\"},\"inLanguage\":\"en-US\",\"potentialAction\":[{\"@type\":\"ReadAction\",\"target\":[\"https:\\\/\\\/paizsaffron.com\\\/en\\\/product\\\/saffron-5-gram\\\/\"]}]},{\"@type\":\"ImageObject\",\"inLanguage\":\"en-US\",\"@id\":\"https:\\\/\\\/paizsaffron.com\\\/en\\\/product\\\/saffron-5-gram\\\/#primaryimage\",\"url\":\"https:\\\/\\\/paizsaffron.com\\\/wp-content\\\/uploads\\\/2020\\\/02\\\/paiz-saffron-5g.jpg\",\"contentUrl\":\"https:\\\/\\\/paizsaffron.com\\\/wp-content\\\/uploads\\\/2020\\\/02\\\/paiz-saffron-5g.jpg\",\"width\":1000,\"height\":1000,\"caption\":\"Paiz Saffron 5 gram\"},{\"@type\":\"BreadcrumbList\",\"@id\":\"https:\\\/\\\/paizsaffron.com\\\/en\\\/product\\\/saffron-5-gram\\\/#breadcrumb\",\"itemListElement\":[{\"@type\":\"ListItem\",\"position\":1,\"name\":\"Home\",\"item\":\"https:\\\/\\\/paizsaffron.com\\\/en\\\/\"},{\"@type\":\"ListItem\",\"position\":2,\"name\":\"Products\",\"item\":\"https:\\\/\\\/paizsaffron.com\\\/en\\\/shop\\\/\"},{\"@type\":\"ListItem\",\"position\":3,\"name\":\"Saffron 5 gram\"}]},{\"@type\":\"WebSite\",\"@id\":\"https:\\\/\\\/paizsaffron.com\\\/en\\\/#website\",\"url\":\"https:\\\/\\\/paizsaffron.com\\\/en\\\/\",\"name\":\"Pa\u00efz Saffron\",\"description\":\"Experience the luxury spice\",\"potentialAction\":[{\"@type\":\"SearchAction\",\"target\":{\"@type\":\"EntryPoint\",\"urlTemplate\":\"https:\\\/\\\/paizsaffron.com\\\/en\\\/?s={search_term_string}\"},\"query-input\":{\"@type\":\"PropertyValueSpecification\",\"valueRequired\":true,\"valueName\":\"search_term_string\"}}],\"inLanguage\":\"en-US\"}]}<\/script>\n<!-- \/ Yoast SEO plugin. -->","yoast_head_json":{"title":"Saffron 5 gram - Pa\u00efz Saffron - Buy Super Negin Saffron by Pa\u00efz","description":"The Super Negin Saffron from Pa\u00efz Saffron is of superior quality (Grade 1). It comes in an elegant packaging.","robots":{"index":"index","follow":"follow","max-snippet":"max-snippet:-1","max-image-preview":"max-image-preview:large","max-video-preview":"max-video-preview:-1"},"canonical":"https:\/\/paizsaffron.com\/en\/product\/saffron-5-gram\/","og_locale":"en_US","og_type":"article","og_title":"Saffron 5 gram - Pa\u00efz Saffron - Buy Super Negin Saffron by Pa\u00efz","og_description":"The Super Negin Saffron from Pa\u00efz Saffron is of superior quality (Grade 1). It comes in an elegant packaging.","og_url":"https:\/\/paizsaffron.com\/en\/product\/saffron-5-gram\/","og_site_name":"Pa\u00efz Saffron","article_modified_time":"2026-04-11T16:15:05+00:00","og_image":[{"width":1000,"height":1000,"url":"https:\/\/paizsaffron.com\/wp-content\/uploads\/2020\/02\/paiz-saffron-5g.jpg","type":"image\/jpeg"}],"twitter_card":"summary_large_image","twitter_misc":{"Est. reading time":"1 minute"},"schema":{"@context":"https:\/\/schema.org","@graph":[{"@type":"WebPage","@id":"https:\/\/paizsaffron.com\/en\/product\/saffron-5-gram\/","url":"https:\/\/paizsaffron.com\/en\/product\/saffron-5-gram\/","name":"Saffron 5 gram - Pa\u00efz Saffron - Buy Super Negin Saffron by Pa\u00efz","isPartOf":{"@id":"https:\/\/paizsaffron.com\/en\/#website"},"primaryImageOfPage":{"@id":"https:\/\/paizsaffron.com\/en\/product\/saffron-5-gram\/#primaryimage"},"image":{"@id":"https:\/\/paizsaffron.com\/en\/product\/saffron-5-gram\/#primaryimage"},"thumbnailUrl":"https:\/\/paizsaffron.com\/wp-content\/uploads\/2020\/02\/paiz-saffron-5g.jpg","datePublished":"2020-02-12T09:40:03+00:00","dateModified":"2026-04-11T16:15:05+00:00","description":"The Super Negin Saffron from Pa\u00efz Saffron is of superior quality (Grade 1). It comes in an elegant packaging.","breadcrumb":{"@id":"https:\/\/paizsaffron.com\/en\/product\/saffron-5-gram\/#breadcrumb"},"inLanguage":"en-US","potentialAction":[{"@type":"ReadAction","target":["https:\/\/paizsaffron.com\/en\/product\/saffron-5-gram\/"]}]},{"@type":"ImageObject","inLanguage":"en-US","@id":"https:\/\/paizsaffron.com\/en\/product\/saffron-5-gram\/#primaryimage","url":"https:\/\/paizsaffron.com\/wp-content\/uploads\/2020\/02\/paiz-saffron-5g.jpg","contentUrl":"https:\/\/paizsaffron.com\/wp-content\/uploads\/2020\/02\/paiz-saffron-5g.jpg","width":1000,"height":1000,"caption":"Paiz Saffron 5 gram"},{"@type":"BreadcrumbList","@id":"https:\/\/paizsaffron.com\/en\/product\/saffron-5-gram\/#breadcrumb","itemListElement":[{"@type":"ListItem","position":1,"name":"Home","item":"https:\/\/paizsaffron.com\/en\/"},{"@type":"ListItem","position":2,"name":"Products","item":"https:\/\/paizsaffron.com\/en\/shop\/"},{"@type":"ListItem","position":3,"name":"Saffron 5 gram"}]},{"@type":"WebSite","@id":"https:\/\/paizsaffron.com\/en\/#website","url":"https:\/\/paizsaffron.com\/en\/","name":"Pa\u00efz Saffron","description":"Experience the luxury spice","potentialAction":[{"@type":"SearchAction","target":{"@type":"EntryPoint","urlTemplate":"https:\/\/paizsaffron.com\/en\/?s={search_term_string}"},"query-input":{"@type":"PropertyValueSpecification","valueRequired":true,"valueName":"search_term_string"}}],"inLanguage":"en-US"}]}},"_links":{"self":[{"href":"https:\/\/paizsaffron.com\/en\/wp-json\/wp\/v2\/product\/84189","targetHints":{"allow":["GET"]}}],"collection":[{"href":"https:\/\/paizsaffron.com\/en\/wp-json\/wp\/v2\/product"}],"about":[{"href":"https:\/\/paizsaffron.com\/en\/wp-json\/wp\/v2\/types\/product"}],"replies":[{"embeddable":true,"href":"https:\/\/paizsaffron.com\/en\/wp-json\/wp\/v2\/comments?post=84189"}],"wp:featuredmedia":[{"embeddable":true,"href":"https:\/\/paizsaffron.com\/en\/wp-json\/wp\/v2\/media\/83649"}],"wp:attachment":[{"href":"https:\/\/paizsaffron.com\/en\/wp-json\/wp\/v2\/media?parent=84189"}],"wp:term":[{"taxonomy":"product_brand","embeddable":true,"href":"https:\/\/paizsaffron.com\/en\/wp-json\/wp\/v2\/product_brand?post=84189"},{"taxonomy":"product_cat","embeddable":true,"href":"https:\/\/paizsaffron.com\/en\/wp-json\/wp\/v2\/product_cat?post=84189"},{"taxonomy":"product_tag","embeddable":true,"href":"https:\/\/paizsaffron.com\/en\/wp-json\/wp\/v2\/product_tag?post=84189"}],"curies":[{"name":"wp","href":"https:\/\/api.w.org\/{rel}","templated":true}]}}