{"id":84128,"date":"2021-01-11T17:16:01","date_gmt":"2021-01-11T16:16:01","guid":{"rendered":"https:\/\/paizsaffron.com\/blog\/"},"modified":"2021-01-11T17:16:02","modified_gmt":"2021-01-11T16:16:02","slug":"blog","status":"publish","type":"page","link":"https:\/\/paizsaffron.com\/en\/blog\/","title":{"rendered":"Blog"},"content":{"rendered":"<div class=\"wpb-content-wrapper\"><p>[vc_row row_height_percent=&#8221;0&#8243; override_padding=&#8221;yes&#8221; h_padding=&#8221;2&#8243; top_padding=&#8221;3&#8243; bottom_padding=&#8221;3&#8243; back_color=&#8221;color-lxmt&#8221; overlay_alpha=&#8221;100&#8243; gutter_size=&#8221;100&#8243; column_width_percent=&#8221;100&#8243; shift_y=&#8221;0&#8243; z_index=&#8221;0&#8243; style=&#8221;inherited&#8221;][vc_column column_width_percent=&#8221;100&#8243; gutter_size=&#8221;3&#8243; override_padding=&#8221;yes&#8221; column_padding=&#8221;0&#8243; overlay_alpha=&#8221;100&#8243; shift_x=&#8221;0&#8243; shift_y=&#8221;0&#8243; medium_width=&#8221;0&#8243; zoom_width=&#8221;0&#8243; zoom_height=&#8221;0&#8243; width=&#8221;1\/1&#8243;][uncode_index el_id=&#8221;index-2&#8243; loop=&#8221;size:9|order_by:date|post_type:post|taxonomy_count:10&#8243; style_preset=&#8221;metro&#8221; infinite=&#8221;yes&#8221; footer_full_width=&#8221;yes&#8221; gutter_size=&#8221;3&#8243; post_items=&#8221;media|featured|onpost|original,title,spacer|one,link|circle|default_size|More&#8221; screen_lg=&#8221;1000&#8243; screen_md=&#8221;600&#8243; screen_sm=&#8221;480&#8243; single_text=&#8221;lateral&#8221; single_width=&#8221;12&#8243; single_height=&#8221;3&#8243; single_image_size=&#8221;6&#8243; single_back_color=&#8221;color-xsdn&#8221; single_overlay_opacity=&#8221;50&#8243; single_overlay_anim=&#8221;no&#8221; single_text_anim=&#8221;no&#8221; single_h_align_mobile=&#8221;center&#8221; single_vertical_text=&#8221;middle&#8221; single_padding=&#8221;4&#8243; single_title_family=&#8221;font-333150&#8243; single_title_dimension=&#8221;h2&#8243; single_text_lead=&#8221;yes&#8221; single_border=&#8221;yes&#8221; single_css_animation=&#8221;bottom-t-top&#8221; single_animation_delay=&#8221;200&#8243; post_matrix=&#8221;matrix&#8221; matrix_amount=&#8221;2&#8243; matrix_items=&#8221;eyIxX2kiOnsic2luZ2xlX2ltYWdlX3Bvc2l0aW9uIjoicmlnaHQiLCJzaW5nbGVfaF9hbGlnbiI6InJpZ2h0In19&#8243;][\/vc_column][\/vc_row]<\/p>\n<\/div>","protected":false},"excerpt":{"rendered":"<p>Enjoy the lateral thumb layout with fully customisable design.<\/p>\n","protected":false},"author":2,"featured_media":82896,"parent":0,"menu_order":0,"comment_status":"open","ping_status":"closed","template":"","meta":{"footnotes":""},"class_list":["post-84128","page","type-page","status-publish","has-post-thumbnail","hentry"],"yoast_head":"<!-- This site is optimized with the Yoast SEO plugin v27.4 - https:\/\/yoast.com\/product\/yoast-seo-wordpress\/ -->\n<title>Blog - Pa\u00efz Saffron - Stay updated regarding everything Pa\u00efz Saffron<\/title>\n<meta name=\"description\" content=\"Read the latest news regarding Pa\u00efz Saffron at our blog. Take a look at our delicious recipes that show the many uses of saffron.\" \/>\n<meta name=\"robots\" content=\"index, follow, max-snippet:-1, max-image-preview:large, max-video-preview:-1\" \/>\n<link rel=\"canonical\" href=\"https:\/\/paizsaffron.com\/en\/blog\/\" \/>\n<meta property=\"og:locale\" content=\"en_US\" \/>\n<meta property=\"og:type\" content=\"article\" \/>\n<meta property=\"og:title\" content=\"Blog - Pa\u00efz Saffron - Stay updated regarding everything Pa\u00efz Saffron\" \/>\n<meta property=\"og:description\" content=\"Read the latest news regarding Pa\u00efz Saffron at our blog. Take a look at our delicious recipes that show the many uses of saffron.\" \/>\n<meta property=\"og:url\" content=\"https:\/\/paizsaffron.com\/en\/blog\/\" \/>\n<meta property=\"og:site_name\" content=\"Pa\u00efz Saffron\" \/>\n<meta property=\"article:modified_time\" content=\"2021-01-11T16:16:02+00:00\" \/>\n<meta property=\"og:image\" content=\"https:\/\/paizsaffron.com\/wp-content\/uploads\/2020\/02\/vahid-mazaheri-zCMh19M7tjY-unsplash-b.jpg\" \/>\n\t<meta property=\"og:image:width\" content=\"1700\" \/>\n\t<meta property=\"og:image:height\" content=\"1133\" \/>\n\t<meta property=\"og:image:type\" content=\"image\/jpeg\" \/>\n<meta name=\"twitter:card\" content=\"summary_large_image\" \/>\n<meta name=\"twitter:label1\" content=\"Est. reading time\" \/>\n\t<meta name=\"twitter:data1\" content=\"1 minute\" \/>\n<script type=\"application\/ld+json\" class=\"yoast-schema-graph\">{\"@context\":\"https:\\\/\\\/schema.org\",\"@graph\":[{\"@type\":\"WebPage\",\"@id\":\"https:\\\/\\\/paizsaffron.com\\\/en\\\/blog\\\/\",\"url\":\"https:\\\/\\\/paizsaffron.com\\\/en\\\/blog\\\/\",\"name\":\"Blog - Pa\u00efz Saffron - Stay updated regarding everything Pa\u00efz Saffron\",\"isPartOf\":{\"@id\":\"https:\\\/\\\/paizsaffron.com\\\/en\\\/#website\"},\"primaryImageOfPage\":{\"@id\":\"https:\\\/\\\/paizsaffron.com\\\/en\\\/blog\\\/#primaryimage\"},\"image\":{\"@id\":\"https:\\\/\\\/paizsaffron.com\\\/en\\\/blog\\\/#primaryimage\"},\"thumbnailUrl\":\"https:\\\/\\\/paizsaffron.com\\\/wp-content\\\/uploads\\\/2020\\\/02\\\/vahid-mazaheri-zCMh19M7tjY-unsplash-b.jpg\",\"datePublished\":\"2021-01-11T16:16:01+00:00\",\"dateModified\":\"2021-01-11T16:16:02+00:00\",\"description\":\"Read the latest news regarding Pa\u00efz Saffron at our blog. Take a look at our delicious recipes that show the many uses of saffron.\",\"breadcrumb\":{\"@id\":\"https:\\\/\\\/paizsaffron.com\\\/en\\\/blog\\\/#breadcrumb\"},\"inLanguage\":\"en-US\",\"potentialAction\":[{\"@type\":\"ReadAction\",\"target\":[\"https:\\\/\\\/paizsaffron.com\\\/en\\\/blog\\\/\"]}]},{\"@type\":\"ImageObject\",\"inLanguage\":\"en-US\",\"@id\":\"https:\\\/\\\/paizsaffron.com\\\/en\\\/blog\\\/#primaryimage\",\"url\":\"https:\\\/\\\/paizsaffron.com\\\/wp-content\\\/uploads\\\/2020\\\/02\\\/vahid-mazaheri-zCMh19M7tjY-unsplash-b.jpg\",\"contentUrl\":\"https:\\\/\\\/paizsaffron.com\\\/wp-content\\\/uploads\\\/2020\\\/02\\\/vahid-mazaheri-zCMh19M7tjY-unsplash-b.jpg\",\"width\":1700,\"height\":1133,\"caption\":\"Paiz Saffron saffraan\"},{\"@type\":\"BreadcrumbList\",\"@id\":\"https:\\\/\\\/paizsaffron.com\\\/en\\\/blog\\\/#breadcrumb\",\"itemListElement\":[{\"@type\":\"ListItem\",\"position\":1,\"name\":\"Home\",\"item\":\"https:\\\/\\\/paizsaffron.com\\\/en\\\/\"},{\"@type\":\"ListItem\",\"position\":2,\"name\":\"Blog\"}]},{\"@type\":\"WebSite\",\"@id\":\"https:\\\/\\\/paizsaffron.com\\\/en\\\/#website\",\"url\":\"https:\\\/\\\/paizsaffron.com\\\/en\\\/\",\"name\":\"Pa\u00efz Saffron\",\"description\":\"Experience the luxury spice\",\"potentialAction\":[{\"@type\":\"SearchAction\",\"target\":{\"@type\":\"EntryPoint\",\"urlTemplate\":\"https:\\\/\\\/paizsaffron.com\\\/en\\\/?s={search_term_string}\"},\"query-input\":{\"@type\":\"PropertyValueSpecification\",\"valueRequired\":true,\"valueName\":\"search_term_string\"}}],\"inLanguage\":\"en-US\"}]}<\/script>\n<!-- \/ Yoast SEO plugin. -->","yoast_head_json":{"title":"Blog - Pa\u00efz Saffron - Stay updated regarding everything Pa\u00efz Saffron","description":"Read the latest news regarding Pa\u00efz Saffron at our blog. Take a look at our delicious recipes that show the many uses of saffron.","robots":{"index":"index","follow":"follow","max-snippet":"max-snippet:-1","max-image-preview":"max-image-preview:large","max-video-preview":"max-video-preview:-1"},"canonical":"https:\/\/paizsaffron.com\/en\/blog\/","og_locale":"en_US","og_type":"article","og_title":"Blog - Pa\u00efz Saffron - Stay updated regarding everything Pa\u00efz Saffron","og_description":"Read the latest news regarding Pa\u00efz Saffron at our blog. Take a look at our delicious recipes that show the many uses of saffron.","og_url":"https:\/\/paizsaffron.com\/en\/blog\/","og_site_name":"Pa\u00efz Saffron","article_modified_time":"2021-01-11T16:16:02+00:00","og_image":[{"width":1700,"height":1133,"url":"https:\/\/paizsaffron.com\/wp-content\/uploads\/2020\/02\/vahid-mazaheri-zCMh19M7tjY-unsplash-b.jpg","type":"image\/jpeg"}],"twitter_card":"summary_large_image","twitter_misc":{"Est. reading time":"1 minute"},"schema":{"@context":"https:\/\/schema.org","@graph":[{"@type":"WebPage","@id":"https:\/\/paizsaffron.com\/en\/blog\/","url":"https:\/\/paizsaffron.com\/en\/blog\/","name":"Blog - Pa\u00efz Saffron - Stay updated regarding everything Pa\u00efz Saffron","isPartOf":{"@id":"https:\/\/paizsaffron.com\/en\/#website"},"primaryImageOfPage":{"@id":"https:\/\/paizsaffron.com\/en\/blog\/#primaryimage"},"image":{"@id":"https:\/\/paizsaffron.com\/en\/blog\/#primaryimage"},"thumbnailUrl":"https:\/\/paizsaffron.com\/wp-content\/uploads\/2020\/02\/vahid-mazaheri-zCMh19M7tjY-unsplash-b.jpg","datePublished":"2021-01-11T16:16:01+00:00","dateModified":"2021-01-11T16:16:02+00:00","description":"Read the latest news regarding Pa\u00efz Saffron at our blog. Take a look at our delicious recipes that show the many uses of saffron.","breadcrumb":{"@id":"https:\/\/paizsaffron.com\/en\/blog\/#breadcrumb"},"inLanguage":"en-US","potentialAction":[{"@type":"ReadAction","target":["https:\/\/paizsaffron.com\/en\/blog\/"]}]},{"@type":"ImageObject","inLanguage":"en-US","@id":"https:\/\/paizsaffron.com\/en\/blog\/#primaryimage","url":"https:\/\/paizsaffron.com\/wp-content\/uploads\/2020\/02\/vahid-mazaheri-zCMh19M7tjY-unsplash-b.jpg","contentUrl":"https:\/\/paizsaffron.com\/wp-content\/uploads\/2020\/02\/vahid-mazaheri-zCMh19M7tjY-unsplash-b.jpg","width":1700,"height":1133,"caption":"Paiz Saffron saffraan"},{"@type":"BreadcrumbList","@id":"https:\/\/paizsaffron.com\/en\/blog\/#breadcrumb","itemListElement":[{"@type":"ListItem","position":1,"name":"Home","item":"https:\/\/paizsaffron.com\/en\/"},{"@type":"ListItem","position":2,"name":"Blog"}]},{"@type":"WebSite","@id":"https:\/\/paizsaffron.com\/en\/#website","url":"https:\/\/paizsaffron.com\/en\/","name":"Pa\u00efz Saffron","description":"Experience the luxury spice","potentialAction":[{"@type":"SearchAction","target":{"@type":"EntryPoint","urlTemplate":"https:\/\/paizsaffron.com\/en\/?s={search_term_string}"},"query-input":{"@type":"PropertyValueSpecification","valueRequired":true,"valueName":"search_term_string"}}],"inLanguage":"en-US"}]}},"_links":{"self":[{"href":"https:\/\/paizsaffron.com\/en\/wp-json\/wp\/v2\/pages\/84128","targetHints":{"allow":["GET"]}}],"collection":[{"href":"https:\/\/paizsaffron.com\/en\/wp-json\/wp\/v2\/pages"}],"about":[{"href":"https:\/\/paizsaffron.com\/en\/wp-json\/wp\/v2\/types\/page"}],"author":[{"embeddable":true,"href":"https:\/\/paizsaffron.com\/en\/wp-json\/wp\/v2\/users\/2"}],"replies":[{"embeddable":true,"href":"https:\/\/paizsaffron.com\/en\/wp-json\/wp\/v2\/comments?post=84128"}],"version-history":[{"count":2,"href":"https:\/\/paizsaffron.com\/en\/wp-json\/wp\/v2\/pages\/84128\/revisions"}],"predecessor-version":[{"id":84130,"href":"https:\/\/paizsaffron.com\/en\/wp-json\/wp\/v2\/pages\/84128\/revisions\/84130"}],"wp:featuredmedia":[{"embeddable":true,"href":"https:\/\/paizsaffron.com\/en\/wp-json\/wp\/v2\/media\/82896"}],"wp:attachment":[{"href":"https:\/\/paizsaffron.com\/en\/wp-json\/wp\/v2\/media?parent=84128"}],"curies":[{"name":"wp","href":"https:\/\/api.w.org\/{rel}","templated":true}]}}